{"id":242,"date":"2021-02-22T21:15:06","date_gmt":"2021-02-22T21:15:06","guid":{"rendered":"https:\/\/sitraicatmi.org\/web\/?page_id=242"},"modified":"2024-09-17T16:56:00","modified_gmt":"2024-09-17T16:56:00","slug":"historia","status":"publish","type":"page","link":"https:\/\/sitraicatmi.org\/index.php\/historia\/","title":{"rendered":"HISTORIA"},"content":{"rendered":"<div class=\"su-box su-box-style-soft\" id=\"\" style=\"border-color:#6cc8c5;border-radius:12px\"><div class=\"su-box-title\" style=\"background-color:#9ffbf8;color:#fa4088;border-top-left-radius:10px;border-top-right-radius:10px\">Primera etapa: Nace un grande SUIICATMI<\/div><div class=\"su-box-content su-u-clearfix su-u-trim\" style=\"border-bottom-left-radius:10px;border-bottom-right-radius:10px\">\n<p>(2007-2011)<\/p>\n<p><img decoding=\"async\" loading=\"lazy\" class=\"aligncenter wp-image-254 alignleft\" src=\"https:\/\/sitraicatmi.org\/wp-content\/uploads\/2021\/02\/Logo-SUIICATMI.png\" alt=\"\" width=\"210\" height=\"208\" srcset=\"https:\/\/sitraicatmi.org\/wp-content\/uploads\/2021\/02\/Logo-SUIICATMI.png 142w, https:\/\/sitraicatmi.org\/wp-content\/uploads\/2021\/02\/Logo-SUIICATMI-60x60.png 60w\" sizes=\"(max-width: 210px) 100vw, 210px\" \/><\/p>\n<p style=\"text-align: justify;\">Despu\u00e9s de 15 a\u00f1os de abusos y arbitrariedades a los instructores llegando al grado de arrebatarles la incapacidad por embarazo, contratos por obra y tiempo determinado, despidos injustificados, etc., un grupo de 38 personas se reunieron en el mes de mayo del 2007 con el objetivo de formar una agrupaci\u00f3n sindical, logrando la constituci\u00f3n del SUIICATMI el 27 de octubre del 2007 y logrando el registro del Sindicato el d\u00eda 19 de febrero del 2008.<\/p>\n<p style=\"text-align: justify;\">Posteriormente se redact\u00f3 el Contrato Colectivo de Trabajo, firm\u00e1ndose el d\u00eda 1\u00ba de julio del 2008.<\/p>\n<p style=\"text-align: justify;\">En el a\u00f1o 2009, ante la soberbia, despotismo y necedad del Director General en turno, el d\u00eda 1\u00ba de septiembre, no nos qued\u00f3 otra alternativa que estallar una huelga, donde se vivieron momentos de hostigamiento por parte del Director General, al principio la junta de conciliaci\u00f3n y Arbitraje declar\u00f3 inv\u00e1lida la huelga, teniendo que ampararnos en Junta de Conciliaci\u00f3n a nivel Federal.<\/p>\n<p style=\"text-align: justify;\">Fueron momentos dif\u00edciles, llenos de zozobra y miedo: incluso hubo una traici\u00f3n por parte del entonces Secretario del Interior J. Luis C., al ponerse del lado de la patronal e invitar a los compa\u00f1eros a abandonar el movimiento; pero los miembros del Sindicato demostraron tener un esp\u00edritu combativo a prueba de todo. Con el apoyo del frente Amplio de Izquierda Social (FAIS), se organizaron marchas, plantones, etc., llegando despu\u00e9s de 38 d\u00edas a un feliz t\u00e9rmino de la huelga el d\u00eda 8 de octubre del 2009.<\/p>\n<p style=\"text-align: justify;\">Despu\u00e9s de la expulsi\u00f3n del traidor, lo cual dej\u00f3 vacante la secretar\u00eda del interior, por causas de fuerza mayor renunci\u00f3 el compa\u00f1ero Rub\u00e9n Caballero a la Secretar\u00eda del Trabajo y Conflictos, de tal manera que en el mes de octubre del a\u00f1o 2009 por primera vez son elegidos democr\u00e1ticamente en Asamblea General dos miembros del Comit\u00e9 ejecutivo: el Secretario de Trabajo y Conflictos y el Secretario del Interior, quedando as\u00ed al frente de estas Secretar\u00edas los instructores Jos\u00e9 Carlos Morales G\u00f3mez y David Almanza Montiel respectivamente. Quedando integrado el Comit\u00e9 Ejecutivo de la siguiente manera:<\/p>\n<p><strong>Secretaria General<\/strong><\/p>\n<p>Yolanda Solorio Pe\u00f1aloza<\/p>\n<p><strong>Secretario del Trabajo y Conflictos <\/strong><\/p>\n<p>Jos\u00e9 Carlos Morales G\u00f3mez<\/p>\n<p><strong>Secretario del Interior<\/strong><\/p>\n<p>David Almanza Montiel<\/p>\n<p><strong>Secretaria de Actas y Acuerdos<\/strong><\/p>\n<p>Am\u00e9rica Rodr\u00edguez Maciel<\/p>\n<p><strong>Secretario de Organizaci\u00f3n, Prensa y Propaganda<\/strong><\/p>\n<p>Mart\u00edn Nateras Navarrete<\/p>\n<p><strong>Secretaria de Acci\u00f3n Social y Femenil<\/strong><\/p>\n<p>Irma Ram\u00edrez Rivera<\/p>\n<p><strong>Secretario de Finanzas<\/strong><\/p>\n<p>Jos\u00e9 Chora Hidalgo<\/p>\n<p>&nbsp;<\/p>\n<\/div><\/div>\n<div class=\"su-box su-box-style-soft\" id=\"\" style=\"border-color:#6cc8c5;border-radius:12px\"><div class=\"su-box-title\" style=\"background-color:#9ffbf8;color:#fa4088;border-top-left-radius:10px;border-top-right-radius:10px\">Segunda etapa: Nace un gigante SITRAICATMI<\/div><div class=\"su-box-content su-u-clearfix su-u-trim\" style=\"border-bottom-left-radius:10px;border-bottom-right-radius:10px\">\n<p>(2012-2016)<\/p>\n<p><img decoding=\"async\" loading=\"lazy\" class=\"aligncenter size-medium wp-image-255 alignleft\" src=\"https:\/\/sitraicatmi.org\/wp-content\/uploads\/2021\/02\/Logo-nace-SITRAICATMI-300x227.png\" alt=\"\" width=\"300\" height=\"227\" srcset=\"https:\/\/sitraicatmi.org\/wp-content\/uploads\/2021\/02\/Logo-nace-SITRAICATMI-300x227.png 300w, https:\/\/sitraicatmi.org\/wp-content\/uploads\/2021\/02\/Logo-nace-SITRAICATMI-79x60.png 79w, https:\/\/sitraicatmi.org\/wp-content\/uploads\/2021\/02\/Logo-nace-SITRAICATMI.png 401w\" sizes=\"(max-width: 300px) 100vw, 300px\" \/><\/p>\n<p style=\"text-align: justify;\">En Marzo del 2011, el SUIICATMI junto con otras organizaciones sindicales del sector educativo, conforman el Frente Estatal de Sindicatos de Educaci\u00f3n media Superior y Superior (FESEMSS), donde se nos asigna una Secretar\u00eda. Como miembros de este frente, hemos participado en distintas actividades en la lucha por la mejora de la educaci\u00f3n en el Estado, trabajando en conjunto con otras organizaciones sindicales.<\/p>\n<p style=\"text-align: justify;\">Uno de los tiempos m\u00e1s trascendentales de nuestro sindicato fue la elecci\u00f3n del nuevo Comit\u00e9 Ejecutivo. El d\u00eda 28 de octubre se lanz\u00f3 la convocatoria para el cambio de comit\u00e9 Ejecutivo, registr\u00e1ndose \u00fanicamente la planilla morada; en el mes de diciembre se llevaron a cabo las votaciones en un ambiente totalmente democr\u00e1tico por medio del voto personal y secreto, saliendo victoriosa dicha planilla, obteniendo un total de 189 votos a favor de un total de 250 instructores. En el mes de enero del 2012 tomo posesi\u00f3n el nuevo comit\u00e9 quedando conformado de la siguiente manera:<\/p>\n<p><strong>Secretaria General<\/strong><\/p>\n<p>Am\u00e9rica Rodr\u00edguez Maciel<\/p>\n<p><strong>Secretario del Trabajo y Conflictos <\/strong><\/p>\n<p>Armando Garc\u00eda Leal<\/p>\n<p><strong>Secretario del Interior<\/strong><\/p>\n<p>David Almanza Montiel<\/p>\n<p><strong>Secretario de Actas y Acuerdos<\/strong><\/p>\n<p>Jos\u00e9 Luis Zepeda Rodr\u00edguez<\/p>\n<p><strong>Secretario de Organizaci\u00f3n, Prensa y Propaganda<\/strong><\/p>\n<p>Jos\u00e9 Carlos Morales G\u00f3mez<\/p>\n<p><strong>Secretaria de Acci\u00f3n Social y Femenil<\/strong><\/p>\n<p>Sara Aguilera \u00c1lvarez<\/p>\n<p><strong>Secretario de Finanzas<\/strong><\/p>\n<p>Edwin Gallegos Manr\u00edquez<\/p>\n<p>&nbsp;<\/p>\n<p style=\"text-align: justify;\">Ante la confianza ganada frente a los instructores con un trabajo honesto, responsable, transparente, fieles a nuestros valores, principios y una clara rendicion de cuentas; aumentaron considerablemente las solicitudes de trabajadores administrativos, quienes deseaban formar parte de este gremio sindical; en base a estos hechos y a la\u00a0 necesidad de fortalecer nuestro Sindicato, en el a\u00f1o 2012 durante la Asamblea General se acord\u00f3 realizar una reforma estatutaria para poder agremiar a compa\u00f1eros administrativos, de tal manera que comenzamos el a\u00f1o 2013 con una nueva raz\u00f3n social: Ahora somos Sindicato de Trabajadores del Instituto de Capacitaci\u00f3n para el trabajo del Estado de Michoac\u00e1n, SITRAICATMI. Alcanzando un total de 280 miembros en 21 Delegaciones a lo largo de todo el Estado de Michoac\u00e1n, que trabajamos juntos por el engrandecimiento de nuestro Sindicato, buscando siempre una estabilidad laboral y un trato justo.<\/p>\n<p>&nbsp;<\/p>\n<\/div><\/div>\n<div class=\"su-box su-box-style-soft\" id=\"\" style=\"border-color:#6cc8c5;border-radius:12px\"><div class=\"su-box-title\" style=\"background-color:#9ffbf8;color:#fa4088;border-top-left-radius:10px;border-top-right-radius:10px\">Tercera etapa: Un gran reto, el crecimiento del SITRAICATMI<\/div><div class=\"su-box-content su-u-clearfix su-u-trim\" style=\"border-bottom-left-radius:10px;border-bottom-right-radius:10px\">\n<p>(2016-2020)<\/p>\n<p style=\"text-align: justify;\">Un proceso democr\u00e1tico hist\u00f3rico inicia con la convocatoria en el mes de octubre del a\u00f1o 2015 registr\u00e1ndose dos planillas (naranja y blanca), presentando cada una un proyecto de fortalecimiento sindical. Durante el mes de diciembre del mismo a\u00f1o se realiza un procedimiento electoral\u00a0 sin precedentes realizando campa\u00f1as y \u00a0debates de altura\u00a0 se lleva a cabo una elecci\u00f3n transparente con un voto libre y secreto, donde \u00a0los trabajadores eligen el proyecto de la planilla naranja, resultando ganadores y obteniendo la mayor\u00eda de votos, en el mes de enero del a\u00f1o 2016 toma posesi\u00f3n la planilla naranja aceptando la encomienda y gran responsabilidad de representar al SITRAICATMI con un alto compromiso de servir, dar continuidad y consolidaci\u00f3n a nuestro sindicato, estableciendo un Comit\u00e9 Ejecutivo para el periodo 2016 al 2020 de la siguiente manera:<\/p>\n<p><strong>Secretario General<\/strong><\/p>\n<p>Armando Garc\u00eda Leal<\/p>\n<p><strong>Secretario del Trabajo y Conflictos \u00a0Acad\u00e9micos<\/strong><\/p>\n<p>Audel Herrera \u00c1lvarez<\/p>\n<p><strong>Secretaria del Trabajo y Conflictos Administrativos<\/strong><\/p>\n<p><strong>\u00a0<\/strong>Mar\u00eda Victoria Garc\u00eda Robles<\/p>\n<p><strong>Secretario del Interior<\/strong><\/p>\n<p>Jos\u00e9 Francisco Celis Becerra<\/p>\n<p><strong>Secretario de Actas y Acuerdos<\/strong><\/p>\n<p>Jos\u00e9 Luis Zepeda Rodr\u00edguez<\/p>\n<p><strong>Secretario de Organizaci\u00f3n, Prensa y Propaganda<\/strong><\/p>\n<p>Juan Sergio Pantoja Molina<\/p>\n<p><strong>Secretaria de Acci\u00f3n Social y Femenil<\/strong><\/p>\n<p>Marisela Gonz\u00e1lez Hern\u00e1ndez<\/p>\n<p><strong>Secretario de Finanzas<\/strong><\/p>\n<p>Edwin Gallegos Manr\u00edquez<\/p>\n<p style=\"text-align: justify;\">En tan solo dos a\u00f1os de gesti\u00f3n 2016 \u2013 2018 se logra un crecimiento y unidad sindical sin precedentes, gracias al voto de confianza\u00a0 y apoyo de los trabajadores se pasa del n\u00famero 50 a la cantidad de 130 compa\u00f1eros administrativos, de 300 a 500 agremiados de los cuales son bienvenidos y recibidos por convicci\u00f3n m\u00e1s de 100\u00a0 compa\u00f1eros de otros sindicatos, garantizando una estabilidad laboral y un trato digno para\u00a0 nuestros socios. Se realiza la primera reforma a los estatutos desde su creaci\u00f3n d\u00e1ndoles un marco legal sustentable ante la autoridad competente del Estado as\u00ed como tambi\u00e9n son presentados ante la misma autoridad los reglamentos de las comisiones mixtas \u201cescalaf\u00f3n, vinculaci\u00f3n, dictaminadora, seguridad e higiene\u201d quienes le dar\u00e1n un rumbo de trabajo a nuestra fuente de empleo. Con estos hechos se sigue escribiendo la historia del SITRAICATMI y se fortalece la <strong>estructura <\/strong>del mismo sobre las bases e ideales bien cimentados desde su creaci\u00f3n en 2007, honrando sus principios, valores, misi\u00f3n y visi\u00f3n sindical. Estableciendo la siguiente:<\/p>\n<p><strong><u>Estructura del SITRAICATMI<\/u><\/strong><\/p>\n<p>El gobierno y la representaci\u00f3n de nuestro Sindicato est\u00e1 a cargo de:<\/p>\n<ol>\n<li>La Asamblea General;<\/li>\n<li>El Consejo General de Delegados Sindicales;<\/li>\n<li>El Comit\u00e9 Ejecutivo, que se integra por ocho secretar\u00edas, de la siguiente manera:<\/li>\n<li><strong>Secretar\u00eda General.<\/strong><\/li>\n<li><strong>Secretar\u00eda del Trabajo y Conflictos Acad\u00e9micos.<\/strong><\/li>\n<li><strong>Secretar\u00eda del Trabajo y Conflictos Administrativos.<\/strong><\/li>\n<li><strong>Secretar\u00eda del Interior.<\/strong><\/li>\n<li><strong>Secretar\u00eda del Exterior, Actas y Acuerdos.<\/strong><\/li>\n<li><strong>Secretar\u00eda de organizaci\u00f3n, Prensa, Propaganda y Deportes.<\/strong><\/li>\n<li><strong>Secretar\u00eda de Acci\u00f3n Social y Femenil.<\/strong><\/li>\n<li><strong>Secretar\u00eda de Finanzas.<\/strong><\/li>\n<\/ol>\n<p>Junto con el Comit\u00e9 Ejecutivo, est\u00e1n las <strong>Comisiones Estatutarias o Aut\u00f3nomas<\/strong>, elegidas en el mismo proceso de elecci\u00f3n del Comit\u00e9 y que son:<\/p>\n<ul>\n<li>Comisi\u00f3n de Vigilancia y Fiscalizaci\u00f3n<\/li>\n<li>Comisi\u00f3n de Cr\u00e9dito<\/li>\n<li>Comisi\u00f3n de Pensiones y Jubilaciones<\/li>\n<\/ul>\n<p>Existen adem\u00e1s las <strong>Comisiones Mixtas<\/strong>, integradas por representantes del Sindicato y de la parte patronal y son:<\/p>\n<ul>\n<li>Comisi\u00f3n para la distribuci\u00f3n de la Carga Horaria<\/li>\n<li>Comisi\u00f3n Dictaminadora<\/li>\n<li>Comisi\u00f3n de Escalaf\u00f3n y Tabulaci\u00f3n<\/li>\n<li>Comisi\u00f3n de Capacitaci\u00f3n y Adiestramiento<\/li>\n<li>Comisi\u00f3n de Vinculaci\u00f3n<\/li>\n<li>Comisi\u00f3n de Seguridad e Higiene<\/li>\n<\/ul>\n<\/div><\/div>\n<div class=\"su-box su-box-style-soft\" id=\"\" style=\"border-color:#6cc8c5;border-radius:12px\"><div class=\"su-box-title\" style=\"background-color:#9ffbf8;color:#fa4088;border-top-left-radius:10px;border-top-right-radius:10px\">Cuarta etapa: Extensi\u00f3n de un Comit\u00e9 por tres a\u00f1os<\/div><div class=\"su-box-content su-u-clearfix su-u-trim\" style=\"border-bottom-left-radius:10px;border-bottom-right-radius:10px\">\n<p>(2020-2022)<\/p>\n<p style=\"text-align: justify;\">Durante la primer Asamblea General Ordinaria llevada a cabo en el a\u00f1o 2019, <strong>acontece un hecho historico sin precedentes en nuestro sindicato<\/strong>; son analizados por los trabajadores los nuevos desaf\u00edos que deber\u00e1 enfrentar el SITRAICATMI y observando los resultados de trabajo obtenidos a la fecha por el actual Comit\u00e9 Ejecutivo se hacen propuestas af\u00edn de que sea extendido el periodo de representaci\u00f3n por tres a\u00f1os m\u00e1s. Una vez recibidas las propuestas se llevan a votaci\u00f3n de manera libre y se obtiene por unanimidad de manera hist\u00f3rica, la aprobaci\u00f3n para que el actual Comit\u00e9 Ejecutivo extienda su periodo de 2020 al a\u00f1o 2022. Levant\u00e1ndose el acta correspondiente es presentada ante la autoridad laboral competente en el Estado y emitiendo \u00e9sta la aprobaci\u00f3n legalmente constituida mediante toma de nota el Comit\u00e9 Ejecutivo Estatal queda como se menciona a continuaci\u00f3n:<\/p>\n<p><strong>Secretario General<\/strong><\/p>\n<p>Armando Garc\u00eda Leal<\/p>\n<p><strong>Secretario del Trabajo y Conflictos Acad\u00e9micos<\/strong><\/p>\n<p>Jos\u00e9 Francisco Celis Becerra<\/p>\n<p><strong>Secretaria del Trabajo y Conflictos Administrativos<\/strong><\/p>\n<p><strong>\u00a0<\/strong>Mar\u00eda Victoria Garc\u00eda Robles<\/p>\n<p><strong>Secretario del Interior<\/strong><\/p>\n<p>Audel Herrera \u00c1lvarez<\/p>\n<p><strong>Secretario de Actas y Acuerdos<\/strong><\/p>\n<p>Jos\u00e9 Luis Zepeda Rodr\u00edguez<\/p>\n<p><strong>Secretario de Organizaci\u00f3n, Prensa y Propaganda<\/strong><\/p>\n<p>Juan Sergio Pantoja Molina<\/p>\n<p><strong>Secretaria de Acci\u00f3n Social y Femenil<\/strong><\/p>\n<p>Marisela Gonz\u00e1lez Hern\u00e1ndez<\/p>\n<p><strong>Secretario de Finanzas<\/strong><\/p>\n<p>Edwin Gallegos Manr\u00edquez<\/p>\n<p>Actualmente el SITRAICATMI cuenta con m\u00e1s de 500 miembros en <strong>23 delegaciones<\/strong> a lo largo de todo el Estado de Michoac\u00e1n, que trabajamos juntos por el engrandecimiento de nuestro Sindicato, buscando siempre una estabilidad laboral y un trato justo.<\/p>\n<\/div><\/div>\n<p>&nbsp;<\/p>\n<p>&nbsp;<\/p>\n","protected":false},"excerpt":{"rendered":"<p>&nbsp; &nbsp;<\/p>\n","protected":false},"author":1,"featured_media":0,"parent":0,"menu_order":0,"comment_status":"closed","ping_status":"closed","template":"","meta":{"footnotes":""},"_links":{"self":[{"href":"https:\/\/sitraicatmi.org\/index.php\/wp-json\/wp\/v2\/pages\/242"}],"collection":[{"href":"https:\/\/sitraicatmi.org\/index.php\/wp-json\/wp\/v2\/pages"}],"about":[{"href":"https:\/\/sitraicatmi.org\/index.php\/wp-json\/wp\/v2\/types\/page"}],"author":[{"embeddable":true,"href":"https:\/\/sitraicatmi.org\/index.php\/wp-json\/wp\/v2\/users\/1"}],"replies":[{"embeddable":true,"href":"https:\/\/sitraicatmi.org\/index.php\/wp-json\/wp\/v2\/comments?post=242"}],"version-history":[{"count":20,"href":"https:\/\/sitraicatmi.org\/index.php\/wp-json\/wp\/v2\/pages\/242\/revisions"}],"predecessor-version":[{"id":403,"href":"https:\/\/sitraicatmi.org\/index.php\/wp-json\/wp\/v2\/pages\/242\/revisions\/403"}],"wp:attachment":[{"href":"https:\/\/sitraicatmi.org\/index.php\/wp-json\/wp\/v2\/media?parent=242"}],"curies":[{"name":"wp","href":"https:\/\/api.w.org\/{rel}","templated":true}]}}